{"id":128,"date":"2016-09-06T11:58:35","date_gmt":"2016-09-06T14:58:35","guid":{"rendered":"http:\/\/roesler.com.br\/adv\/?page_id=128"},"modified":"2016-10-03T11:29:10","modified_gmt":"2016-10-03T14:29:10","slug":"institucional","status":"publish","type":"page","link":"https:\/\/roesler.com.br\/adv\/institucional\/","title":{"rendered":"Institucional"},"content":{"rendered":"<p>[vc_row][vc_column][vc_text_separator title=&#8221;<\/p>\n<h3>Institucional<\/h3>\n<p>&#8221; color=&#8221;black&#8221;][\/vc_column][\/vc_row][vc_row css=&#8221;.vc_custom_1475194196821{margin-top: 5px !important;border-bottom-width: 5px !important;}&#8221;][vc_column width=&#8221;1\/3&#8243;][vc_text_separator title=&#8221;<\/p>\n<h2>MISS\u00c3O<\/h2>\n<p>&#8221; i_icon_fontawesome=&#8221;fa fa-balance-scale&#8221; i_color=&#8221;black&#8221; i_background_style=&#8221;rounded-less&#8221; i_background_color=&#8221;chino&#8221; i_size=&#8221;sm&#8221; title_align=&#8221;separator_align_left&#8221; align=&#8221;align_right&#8221; style=&#8221;shadow&#8221; border_width=&#8221;5&#8243; add_icon=&#8221;true&#8221;][\/vc_column][vc_column width=&#8221;1\/3&#8243;][vc_text_separator title=&#8221;<\/p>\n<h2>OBJETIVOS<\/h2>\n<p>&#8221; i_icon_fontawesome=&#8221;fa fa-balance-scale&#8221; i_color=&#8221;black&#8221; i_background_style=&#8221;rounded-less&#8221; i_background_color=&#8221;chino&#8221; i_size=&#8221;sm&#8221; title_align=&#8221;separator_align_left&#8221; align=&#8221;align_right&#8221; style=&#8221;shadow&#8221; border_width=&#8221;5&#8243; add_icon=&#8221;true&#8221;][\/vc_column][vc_column width=&#8221;1\/3&#8243;][vc_text_separator title=&#8221;<\/p>\n<h2>VALORES<\/h2>\n<p>&#8221; i_icon_fontawesome=&#8221;fa fa-balance-scale&#8221; i_color=&#8221;black&#8221; i_background_style=&#8221;rounded-less&#8221; i_background_color=&#8221;chino&#8221; i_size=&#8221;sm&#8221; title_align=&#8221;separator_align_left&#8221; align=&#8221;align_right&#8221; style=&#8221;shadow&#8221; border_width=&#8221;5&#8243; add_icon=&#8221;true&#8221;][\/vc_column][\/vc_row][vc_row][vc_column width=&#8221;1\/3&#8243;][vc_column_text css_animation=&#8221;left-to-right&#8221;]<\/p>\n<p style=\"text-align: justify;\">Fornecer assessoria jur\u00eddica amplamente especializada em quest\u00f5es empresariais, de neg\u00f3cios, banc\u00e1rias, tribut\u00e1rias e trabalhistas, buscando a otimiza\u00e7\u00e3o da atividade econ\u00f4mica dos clientes com a utiliza\u00e7\u00e3o de ferramentas jur\u00eddicas, administrativas, cont\u00e1beis e econ\u00f4micas, bem como a minimiza\u00e7\u00e3o das san\u00e7\u00f5es e atua\u00e7\u00f5es, de forma a reduzir e eliminar a sa\u00edda de receitas ou a descapitaliza\u00e7\u00e3o da empresa, gerando lucro e competitividade para o neg\u00f3cio empresarial.<\/p>\n<p>[\/vc_column_text][\/vc_column][vc_column width=&#8221;1\/3&#8243;][vc_column_text css_animation=&#8221;left-to-right&#8221;]<\/p>\n<p style=\"text-align: justify;\">\u2022 Colaborar com a lucratividade da empresa;<br \/>\n\u2022 Impedir a realiza\u00e7\u00e3o de maus neg\u00f3cios;<br \/>\n\u2022 Evitar a perda desnecess\u00e1ria de valores, faturamento, receita, e cr\u00e9ditos p\u00fablicos ou privados;<br \/>\n\u2022 Retomada de pagamentos realizados indevidamente e sua elimina\u00e7\u00e3o;<br \/>\n\u2022 Estimular a obten\u00e7\u00e3o de novos neg\u00f3cios e de novos investimentos para a empresa<\/p>\n<p>[\/vc_column_text][\/vc_column][vc_column width=&#8221;1\/3&#8243;][vc_column_text css_animation=&#8221;left-to-right&#8221;]<\/p>\n<p style=\"text-align: justify;\">\u2022 Condutas \u00e9ticas e objetivas do corpo jur\u00eddico;<br \/>\n\u2022 Proximidade e compreens\u00e3o dos movimentos empresariais dos seus clientes;<br \/>\n\u2022 Apoio t\u00e9cnico aos projetos e novos neg\u00f3cios desde o momento em que s\u00e3o concebidos por seus clientes;<br \/>\n\u2022 Especialidade.<\/p>\n<p>[\/vc_column_text][\/vc_column][\/vc_row][vc_row][vc_column][vc_masonry_media_grid grid_id=&#8221;vc_gid:1475504914492-0dd24e43-a46e-0&#8243; include=&#8221;172,166,167,168,169,170,173,175,176&#8243;][\/vc_column][\/vc_row]<\/p>\n","protected":false},"excerpt":{"rendered":"<p>[vc_row][vc_column][vc_text_separator title=&#8221; Institucional &#8221; color=&#8221;black&#8221;][\/vc_column][\/vc_row][vc_row css=&#8221;.vc_custom_1475194196821{margin-top: 5px !important;border-bottom-width: 5px !important;}&#8221;][vc_column width=&#8221;1\/3&#8243;][vc_text_separator title=&#8221; MISS\u00c3O &#8221; i_icon_fontawesome=&#8221;fa fa-balance-scale&#8221; i_color=&#8221;black&#8221; i_background_style=&#8221;rounded-less&#8221; i_background_color=&#8221;chino&#8221; i_size=&#8221;sm&#8221; title_align=&#8221;separator_align_left&#8221; align=&#8221;align_right&#8221; style=&#8221;shadow&#8221; border_width=&#8221;5&#8243; add_icon=&#8221;true&#8221;][\/vc_column][vc_column width=&#8221;1\/3&#8243;][vc_text_separator title=&#8221; OBJETIVOS &#8221; i_icon_fontawesome=&#8221;fa fa-balance-scale&#8221; i_color=&#8221;black&#8221; i_background_style=&#8221;rounded-less&#8221; i_background_color=&#8221;chino&#8221; i_size=&#8221;sm&#8221; title_align=&#8221;separator_align_left&#8221; align=&#8221;align_right&#8221; style=&#8221;shadow&#8221; border_width=&#8221;5&#8243; add_icon=&#8221;true&#8221;][\/vc_column][vc_column width=&#8221;1\/3&#8243;][vc_text_separator title=&#8221; VALORES &#8221; i_icon_fontawesome=&#8221;fa fa-balance-scale&#8221; i_color=&#8221;black&#8221; i_background_style=&#8221;rounded-less&#8221; i_background_color=&#8221;chino&#8221; i_size=&#8221;sm&#8221; title_align=&#8221;separator_align_left&#8221; align=&#8221;align_right&#8221; style=&#8221;shadow&#8221; border_width=&#8221;5&#8243; add_icon=&#8221;true&#8221;][\/vc_column][\/vc_row][vc_row][vc_column width=&#8221;1\/3&#8243;][vc_column_text css_animation=&#8221;left-to-right&#8221;] Fornecer assessoria jur\u00eddica amplamente especializada em quest\u00f5es empresariais, de neg\u00f3cios, banc\u00e1rias, tribut\u00e1rias e trabalhistas, buscando a otimiza\u00e7\u00e3o da atividade econ\u00f4mica dos clientes com a utiliza\u00e7\u00e3o de ferramentas jur\u00eddicas, administrativas, cont\u00e1beis e econ\u00f4micas, bem como a minimiza\u00e7\u00e3o das san\u00e7\u00f5es e atua\u00e7\u00f5es, de forma a reduzir e eliminar a sa\u00edda de receitas ou a descapitaliza\u00e7\u00e3o da empresa, gerando lucro e competitividade para o neg\u00f3cio empresarial. [\/vc_column_text][\/vc_column][vc_column width=&#8221;1\/3&#8243;][vc_column_text css_animation=&#8221;left-to-right&#8221;] \u2022 Colaborar com a lucratividade da empresa; \u2022 Impedir a realiza\u00e7\u00e3o de maus neg\u00f3cios; \u2022 Evitar a perda desnecess\u00e1ria de valores, faturamento, receita, e cr\u00e9ditos p\u00fablicos ou [&hellip;]<\/p>\n","protected":false},"author":2,"featured_media":0,"parent":0,"menu_order":0,"comment_status":"closed","ping_status":"closed","template":"","meta":[],"_links":{"self":[{"href":"https:\/\/roesler.com.br\/adv\/wp-json\/wp\/v2\/pages\/128"}],"collection":[{"href":"https:\/\/roesler.com.br\/adv\/wp-json\/wp\/v2\/pages"}],"about":[{"href":"https:\/\/roesler.com.br\/adv\/wp-json\/wp\/v2\/types\/page"}],"author":[{"embeddable":true,"href":"https:\/\/roesler.com.br\/adv\/wp-json\/wp\/v2\/users\/2"}],"replies":[{"embeddable":true,"href":"https:\/\/roesler.com.br\/adv\/wp-json\/wp\/v2\/comments?post=128"}],"version-history":[{"count":35,"href":"https:\/\/roesler.com.br\/adv\/wp-json\/wp\/v2\/pages\/128\/revisions"}],"predecessor-version":[{"id":196,"href":"https:\/\/roesler.com.br\/adv\/wp-json\/wp\/v2\/pages\/128\/revisions\/196"}],"wp:attachment":[{"href":"https:\/\/roesler.com.br\/adv\/wp-json\/wp\/v2\/media?parent=128"}],"curies":[{"name":"wp","href":"https:\/\/api.w.org\/{rel}","templated":true}]}}